{"id":74,"date":"2024-11-11T12:57:11","date_gmt":"2024-11-11T12:57:11","guid":{"rendered":"https:\/\/skating.3dok.de\/?page_id=74"},"modified":"2024-11-11T12:57:11","modified_gmt":"2024-11-11T12:57:11","slug":"datenschutz","status":"publish","type":"page","link":"https:\/\/skating.3dok.de\/?page_id=74","title":{"rendered":"Datenschutz"},"content":{"rendered":"<p>Zust\u00e4ndige Person:<br \/>\nStefan Krebs<br \/>\nIm Zusamtal 15<br \/>\n86441 Zusmarshausen<br \/>\nTel: 08291-859420<br \/>\nMail:\u00a0<a href=\"mailto:loipe@3dok.de\">loipe@3dok.de<\/a><\/p>\n<p>Geltungsbereich<\/p>\n<p>Sie erhalten mit dieser Datenschutzerkl\u00e4rung Informationen \u00fcber den Umfang und Zweck der Erhebung und Verwendung ihrer Daten, die durch den Zugriff auf diese Website erhoben und ausgewertet werden.<\/p>\n<p>Der Datenschutz richtet sich nach dem Bundesdatenschutzgesetz (BDSG) und das Telemediengesetz (TMG).<\/p>\n<p>Erfassung allgemeiner Daten<\/p>\n<p>Mit jedem Zugriff auf diese Website werden durch uns bzw. dem Provider automatisch Informationen erfasst. Diese Server Logfiles sind allgemeinen und erlauben keine R\u00fcckschl\u00fcsse auf Ihre Person.<\/p>\n<p>Erfasst werden unter anderem: Name der Website, Dateien, Datum, Datenmenge, Webbrowser mit Version, Betriebssystem, Zugangs-ID Ihres Internet-Zugangs, die Referrer-URL (die Seite, von der aus Sie auf diese Website gekommen sind) und die IP-Adresse.<\/p>\n<p>Ohne diese Daten w\u00e4re es nicht m\u00f6glich, die Inhalte der Webseite anzuzeigen. Deshalb ist die Erfassung dieser Daten notwendig. Dar\u00fcber hinaus verwenden wir diese Daten zur statistischen Auswertung. Sie helfen uns bei der Fehlersuche und der Sperrung von Angreifern, die Schadcode hinterlegen wollen. Wir pr\u00fcfen bei Verdacht auf Rechtsverst\u00f6\u00dfe die Log-Files um weiteren Schaden zu verhindern und um Angreifer IP-Adressen zu sperren.<\/p>\n<p>personenbezogenen Daten<\/p>\n<p>Als personenbezogene Daten gelten alle Daten, anhand derer eine Person eindeutig identifizierbar ist. Es handelt sich somit um Daten, die zu einer Person zur\u00fcckverfolgt werden k\u00f6nnen.<br \/>\nZu diesen personenbezogenen Daten z\u00e4hlen der Vorname, Name, Telefonnummer, Mail-Adresse, Mitgliedschaften und Glaubensrichtung.<\/p>\n<p>Diese Daten werden von uns nur erhoben, genutzt und gegebenenfalls weitergegeben, wenn Sie pers\u00f6nlich der Erhebung, Bearbeitung, Nutzung und Weitergabe der Daten eingewilligt haben.<\/p>\n<p>Anmeldung auf einer der Websites<\/p>\n<p>Melden Sie sich auf einer unserer Websites an, um personalisierte Leistungen in Anspruch zu nehmen, werden personenbezogene Daten erhoben. Dazu z\u00e4hlen Name, Vornam, Anschrift, Telefonnummer, Geburtsdatum und Mail-Adresse. Dies sind ihre Kontaktdaten.<\/p>\n<p>Die Anmeldung erm\u00f6glicht den Zugriff auf Leistungen, die nur registrierten Nutzern zur Verf\u00fcgung stehen. Sie k\u00f6nnen ihre Daten jederzeit \u00e4ndern oder l\u00f6schen. Auf Anfrage teilen wir Ihnen mit, welche personenbezogenen Daten gespeichert wurden. Wenn wir ihre Daten berichtigen sollen, teilen sie uns dies bitte rechtzeitig vor dem n\u00e4chsten Leistungsbezug mit. Auf Anfrage k\u00f6nnen wir ihre Daten auch l\u00f6schen, vorausgesetzt es stehen keine gesetzlichen Aufbewahrungspflichten entgegen. Alle Anfragen richten sie bitte an die obige Adresse<\/p>\n<p>Kostenpflichtige Leistungen, Warenverkauf<\/p>\n<p>Damit wir kostenpflichtige Leistungen erbringen k\u00f6nnen, fragen wir zus\u00e4tzliche Daten ab. Das gilt zum Beispiel f\u00fcr die Angaben zur Zahlung.<\/p>\n<p>Zur Absicherung Ihrer Daten w\u00e4hrend ihres Besuchs auf der Website, arbeiten wir mit Verschl\u00fcsselung \u00fcber HTTPS (momentaner Stand der Technik).<\/p>\n<p>Newsletter<\/p>\n<p>Melden Sie sich f\u00fcr unseren Newsletter an, verwenden wir die von Ihnen eingegebenen Daten ausschlie\u00dflich f\u00fcr diesen Zweck oder um sie \u00fcber die f\u00fcr diesen Dienst oder die Registrierung relevanten Umst\u00e4nde zu informieren. Diese Daten stehen dann in unserer Verwaltung beim Newsletter Sender.<\/p>\n<p>Damit sie den Newsletter empfangen k\u00f6nnen, bekommen sie von uns eine eigen Mail, in der sie den Empfang best\u00e4tigen m\u00fcssen. So schlie\u00dfen wir aus, dass ein Fremder ihre mailadresse bei uns als Empf\u00e4nger f\u00fcr den Newsletter eintr\u00e4gt.<\/p>\n<p>Sie haben jederzeit die M\u00f6glichkeit, den Newsletter zu widerrufen. F\u00fcr den Widerruf stellen sie nach der Anmeldung an unserer Website in ihren Daten den Newsletter Empfang auf aus. Alternativ k\u00f6nnen sie uns auch eine Mail senden, in der sie uns \u00fcber den Wideruf benachrichtigen.<\/p>\n<p>Kontaktformular<\/p>\n<p>Wenn Sie uns per E-Mail kontaktieren, speichern wir die von Ihnen gemachten Angaben, um Ihre Anfrage beantworten zu k\u00f6nnen.<\/p>\n<p>Einbindung von Diensten und Inhalten Dritter<\/p>\n<p>Unser Angebot umfasst mitunter Inhalte, Dienste und Leistungen anderer Anbieter. Das sind zum Beispiel Karten, die von Google-Maps zur Verf\u00fcgung gestellt werden, Videos von YouTube sowie Grafiken und Bilder anderer Webseiten. Damit diese Daten im Browser des Nutzers aufgerufen und dargestellt werden k\u00f6nnen, ist die \u00dcbermittlung der IP-Adresse zwingend notwendig. Die Anbieter (Google, Youtube, Twitter, Facebook usw.) nehmen also die IP-Adresse des jeweiligen Nutzers wahr.<\/p>\n<p>Wenn wir Google, Youtube, Twitter, Facebook usw. nutzen, welche die IP-Adresse nur ben\u00f6tigen, um Inhalte ausliefern zu k\u00f6nnen, haben wir keinen Einfluss darauf, ob die IP-Adresse m\u00f6glicherweise gespeichert wird. Dieser Vorgang dient in dem Fall unter anderem statistischen Zwecken. Sofern wir Kenntnis davon haben, dass die IP-Adresse gespeichert wird, weisen wir unsere Nutzer darauf hin. Soweit es diese Anbieter erm\u00f6glichen, verwenden wir zur Verlinkung die zum erweiterten Datenschutz zur Verf\u00fcgung gestellten Mittel.<\/p>\n<p>Cookies<\/p>\n<p>Diese Webseite verwendet Cookies. Das sind Textdateien, die vom Server aus auf Ihrem Rechner gespeichert werden. Sie enthalten Angaben zum Browser, IP-Adresse, Betriebssystem und Internetverbindung. Diese Daten werden von uns nicht an Dritte weitergegeben oder ohne ihre Zustimmung mit personenbezogenen Daten verkn\u00fcpft.<\/p>\n<p>Cookies erf\u00fcllen vor allem die Aufgaben Ihnen die Navigation durch unsere Website zu erleichtern, und erm\u00f6glichen die korrekte Darstellung der Webseite.<\/p>\n<p>Nutzer haben die M\u00f6glichkeit, unser Angebot auch ohne Cookies aufzurufen. Dazu m\u00fcssen im Browser die entsprechenden Einstellungen ge\u00e4ndert werden. Informieren Sie sich bitte dar\u00fcber wie Cookies deaktiviert werden. Allerdings sind dann einige Funktionen dieser Website beeintr\u00e4chtigt und der Einkauf ist dann eingeschr\u00e4nkt oder nicht m\u00f6glich.<br \/>\nDie Seiten<br \/>\nhttp:\/\/www.aboutads.info\/choices\/ (USA) und<br \/>\nhttp:\/\/www.youronlinechoices.com\/uk\/your-ad-choices\/ (Europa)<br \/>\nerlauben es Ihnen, Online-Anzeigen-Cookies zu verwalten.<\/p>\n<p>Verwendung von Google Analytics<\/p>\n<p>Diese Webseite benutzt Google Analytics, einen Webanalysedienst der Google Inc. (\u201cGoogle\u201d). Google Analytics verwendet sog. \u201cCookies\u201d, Textdateien, die auf Ihrem Computer gespeichert werden und die eine Analyse der Benutzung der Webseite durch Sie erm\u00f6glichen. Die durch den Cookie erzeugten Informationen \u00fcber Ihre Benutzung dieser Webseite werden in der Regel an einen Server von Google in den USA \u00fcbertragen und dort gespeichert. Aufgrund der Aktivierung der IP-Anonymisierung auf diesen Webseiten, wird Ihre IP-Adresse von Google jedoch innerhalb von Mitgliedstaaten der Europ\u00e4ischen Union oder in anderen Vertragsstaaten des Abkommens \u00fcber den Europ\u00e4ischen Wirtschaftsraum zuvor gek\u00fcrzt. Nur in Ausnahmef\u00e4llen wird die volle IP-Adresse an einen Server von Google in den USA \u00fcbertragen und dort gek\u00fcrzt.<\/p>\n<p>Im Auftrag des Betreibers dieser Webseite wird Google diese Informationen benutzen, um Ihre Nutzung der Webseite auszuwerten, um Reports \u00fcber die Webseitenaktivit\u00e4ten zusammenzustellen und um weitere mit der Webseitennutzung und der Internetnutzung verbundene Dienstleistungen gegen\u00fcber dem Webseitenbetreiber zu erbringen. Die im Rahmen von Google Analytics von Ihrem Browser \u00fcbermittelte IP-Adresse wird nicht mit anderen Daten von Google zusammengef\u00fchrt. Sie k\u00f6nnen die Speicherung der Cookies durch eine entsprechende Einstellung Ihrer Browser-Software verhindern. Wir weisen Sie jedoch darauf hin, dass Sie in diesem Fall gegebenenfalls nicht s\u00e4mtliche Funktionen dieser Webseite vollumf\u00e4nglich werden nutzen k\u00f6nnen.<\/p>\n<p>Sie k\u00f6nnen dar\u00fcber hinaus die Erfassung der durch das Cookie erzeugten und auf Ihre Nutzung der Webseite bezogenen Daten (inkl. Ihrer IP-Adresse) an Google sowie die Verarbeitung dieser Daten durch Google verhindern, indem sie das unter dem folgenden Link verf\u00fcgbare Browser-Plugin herunterladen und installieren:<br \/>\nBrowser Add On zur Deaktivierung von Google Analytics.<\/p>\n<p>N\u00e4here Informationen zu Nutzungsbedingungen und Datenschutz finden Sie unter http:\/\/www.google.com\/analytics\/terms\/de.html bzw. unter<br \/>\nhttps:\/\/www.google.de\/intl\/de\/policies\/<\/p>\n<p>Google AdWords<\/p>\n<p>Diese Webseite nutzt das Online-Werbeprogramm \u201eGoogle AdWords\u201c und im Rahmen dessen das Conversion-Tracking. Dabei wird von Google Adwords ein Cookie auf Ihrem Rechner gesetzt, sofern Sie \u00fcber eine Google-Anzeige auf unsere Webseite gelangt sind. Diese Cookies verlieren nach 30 Tagen ihre G\u00fcltigkeit und dienen nicht der pers\u00f6nlichen Identifizierung. Besucht der Nutzer bestimmte Seiten unserer Webseite und das Cookie ist noch nicht abgelaufen, k\u00f6nnen wir und Google erkennen, dass der Nutzer auf die Anzeige geklickt hat und zu dieser Seite weitergeleitet wurde. Jeder Google AdWords-Kunde erh\u00e4lt ein anderes Cookie. Cookies k\u00f6nnen somit nicht \u00fcber die Webseiten von AdWords-Kunden nachverfolgt werden.<\/p>\n<p>Die mit Hilfe des Conversion-Cookies eingeholten Informationen dienen dazu Conversion-Statistiken f\u00fcr AdWords-Kunden zu erstellen, die sich f\u00fcr Conversion-Tracking entschieden haben. Die Kunden erfahren die Gesamtanzahl der Nutzer, die auf ihre Anzeige geklickt haben und zu einer mit einem Conversion-Tracking-Tag versehenen Seite weitergeleitet wurden. Sie erhalten jedoch keine Informationen, mit denen sich Nutzer pers\u00f6nlich identifizieren lassen.<\/p>\n<p>Wenn Sie nicht am Tracking-Verfahren teilnehmen m\u00f6chten, k\u00f6nnen Sie das Cookie des Google Conversion-Trackings \u00fcber ihren Internet-Browser unter Nutzereinstellungen leicht deaktivieren. Sie werden dann nicht in die Conversion-Tracking Statistiken aufgenommen. Mehr hierzu erfahren Sie \u00fcber die Datenschutzbestimmungen von Google unter http:\/\/www.google.de\/policies\/privacy\/<\/p>\n<p>Google+ Social Plug-in<\/p>\n<p>Wir binden auf unseren Webseiten das Social Plug-in von Google+ (Google plus) ein, zu erkennen am \u201e+1\u201c Zeichen auf wei\u00dfem oder farbigem Hintergrund. Zur Verf\u00fcgung gestellt wird das Plug-in von Google Inc. (kurz Google, Anschrift: 1600 Amphitheatre Parkway, Mountain View, CA 94043, USA).<\/p>\n<p>Beim Aufruf einer Webseite mit Google+ Schaltfl\u00e4che wird eine Verbindung zu den Servern von Google aufgebaut. Google \u00fcbermittelt dabei den Inhalt der Schaltfl\u00e4che und bindet diesen auf der entsprechenden Webseite ein. Gleichzeitig erh\u00e4lt Google die Information, welche Seite gerade aufgerufen wurde. Personenbezogene Daten werden nach Aussage von Google erst dann erhoben, wenn auf die Schaltfl\u00e4che von Google+ geklickt wird. F\u00fcr Mitglieder von Google+, die eingeloggt sind, gilt: Auch ohne Interaktion speichert und verarbeitet Google zumindest die IP-Adresse. Auf den Umfang der Daten, die in diesem Zusammenhang gespeichert werden, haben wir keinen Einfluss.<\/p>\n<p>Nutzer von Google+, die in ihren Account eingeloggt sind, k\u00f6nnen unsere Webseiten mit einem Klick auf den \u201e+1\u201c-Button empfehlen. Google speichert in dem Fall nicht nur die IP-Adresse und den Browser, sondern auch den Inhalt, f\u00fcr den +1 gegeben wurde, und die Seite. Diese Informationen werden im Profil des Nutzers gespeichert und k\u00f6nnen zusammen mit dem Profilnamen und dem Bild des Nutzers in Google Diensten, zu denen auch die Suchergebnisse z\u00e4hlen, eingeblendet werden. Google nutzt die Daten unter anderem, um die eigenen Dienste zu optimieren. Hinweise zu den Datenschutzbestimmungen von Google und den Einstellm\u00f6glichkeiten zum Schutz der Privatsph\u00e4re finden Sie hier: http:\/\/www.google.de\/intl\/de\/policies\/privacy\/<\/p>\n<p>Mitgliedern von Google Plus, die nicht m\u00f6chten, dass \u00fcber unsere Webseiten Daten von ihnen gesammelt und gespeichert werden, loggen sich vor dem Besuch unseres Angebots bitte aus ihrem Google+ Konto aus.<\/p>\n<p>&nbsp;<\/p>\n<p>Datenvermeidung<\/p>\n<p>Personenbezogene Daten speichern wir gem\u00e4\u00df den Grunds\u00e4tzen der Datenvermeidung und Datensparsamkeit nur so lange, wie es erforderlich ist oder vom Gesetzgeber her vorgeschrieben wird (gesetzliche Speicherfrist). Entf\u00e4llt der Zweck der erhobenen Informationen oder endet die Speicherfrist, sperren oder l\u00f6schen wir die Daten.<\/p>\n<p>Ihre Rechte auf Auskunft, Berichtigung, Sperre, L\u00f6schung und Widerspruch<\/p>\n<p>Sie haben das Recht, auf Antrag unentgeltlich eine Auskunft, \u00fcber die bei uns gespeicherten personenbezogenen Daten, anzufordern und\/oder eine Berichtigung, Sperrung oder L\u00f6schung zu verlangen. Ausnahmen: Es handelt sich um die vorgeschriebene Datenspeicherung zur Gesch\u00e4ftsabwicklung oder die Daten unterliegen der gesetzlichen Aufbewahrungspflicht.<\/p>\n<p>F\u00fcr diese Zwecke kontaktieren Sie bitte unseren Datenschutzbeauftragen.<\/p>\n<p>\u00c4nderung unserer Datenschutzerkl\u00e4rung<\/p>\n<p>Um zu gew\u00e4hrleisten, dass unsere Datenschutzerkl\u00e4rung stets den aktuellen gesetzlichen Vorgaben entspricht, behalten wir uns jederzeit \u00c4nderungen vor. Das gilt auch f\u00fcr den Fall, dass die Datenschutzerkl\u00e4rung aufgrund neuer Leistungen, zum Beispiel neuer Serviceleistungen, angepasst werden muss. Die neue Datenschutzerkl\u00e4rung greift dann bei Ihrem n\u00e4chsten Besuch auf unserem Angebot.<\/p>\n<p>Sperrung<\/p>\n<p>Sollte ein Einbruchsversuch von einer erfassten IP-Adresse auf unseren Server gestartet werden, wird diese IP-Adresse von uns gespeichert und auf allen unseren Servern f\u00fcr den Zugriff gesperrt. Dabei ist es unerheblich welche Person diesen Angriff startete.<\/p>\n","protected":false},"excerpt":{"rendered":"<p>Zust\u00e4ndige Person: Stefan Krebs Im Zusamtal 15 86441 Zusmarshausen Tel: 08291-859420 Mail:\u00a0loipe@3dok.de Geltungsbereich Sie erhalten mit dieser Datenschutzerkl\u00e4rung Informationen \u00fcber den Umfang und Zweck der Erhebung und Verwendung ihrer Daten, die durch den Zugriff auf diese Website erhoben und ausgewertet werden. Der Datenschutz richtet sich nach dem Bundesdatenschutzgesetz (BDSG) und das Telemediengesetz (TMG). Erfassung allgemeiner &hellip; <\/p>\n<p class=\"link-more\"><a href=\"https:\/\/skating.3dok.de\/?page_id=74\" class=\"more-link\"><span class=\"screen-reader-text\">\u201eDatenschutz\u201c<\/span> weiterlesen<\/a><\/p>\n","protected":false},"author":1,"featured_media":0,"parent":0,"menu_order":0,"comment_status":"closed","ping_status":"closed","template":"","meta":{"footnotes":""},"class_list":["post-74","page","type-page","status-publish","hentry"],"_links":{"self":[{"href":"https:\/\/skating.3dok.de\/index.php?rest_route=\/wp\/v2\/pages\/74","targetHints":{"allow":["GET"]}}],"collection":[{"href":"https:\/\/skating.3dok.de\/index.php?rest_route=\/wp\/v2\/pages"}],"about":[{"href":"https:\/\/skating.3dok.de\/index.php?rest_route=\/wp\/v2\/types\/page"}],"author":[{"embeddable":true,"href":"https:\/\/skating.3dok.de\/index.php?rest_route=\/wp\/v2\/users\/1"}],"replies":[{"embeddable":true,"href":"https:\/\/skating.3dok.de\/index.php?rest_route=%2Fwp%2Fv2%2Fcomments&post=74"}],"version-history":[{"count":1,"href":"https:\/\/skating.3dok.de\/index.php?rest_route=\/wp\/v2\/pages\/74\/revisions"}],"predecessor-version":[{"id":75,"href":"https:\/\/skating.3dok.de\/index.php?rest_route=\/wp\/v2\/pages\/74\/revisions\/75"}],"wp:attachment":[{"href":"https:\/\/skating.3dok.de\/index.php?rest_route=%2Fwp%2Fv2%2Fmedia&parent=74"}],"curies":[{"name":"wp","href":"https:\/\/api.w.org\/{rel}","templated":true}]}}