{"id":69,"date":"2024-11-11T12:54:22","date_gmt":"2024-11-11T12:54:22","guid":{"rendered":"https:\/\/skating.3dok.de\/?page_id=69"},"modified":"2024-11-11T12:54:22","modified_gmt":"2024-11-11T12:54:22","slug":"sponsoren","status":"publish","type":"page","link":"https:\/\/skating.3dok.de\/?page_id=69","title":{"rendered":"Sponsoren"},"content":{"rendered":"<p>&nbsp;<\/p>\n<p>Eine Loipe kostet Zeit und Geld:<br \/>\nNicht nur die Zeit zum Spuren ist n\u00f6tig, auch die Ger\u00e4tschaften kosten in der Anschaffung und im Unterhalt.<br \/>\nHerzlichen Dank deshalb an alle Sponsoren und Helfer die das Langlaufprojekt Wollbachtal unterst\u00fctzen.<\/p>\n<p>Bei gr\u00f6\u00dferen Spenden werden wir sie nat\u00fcrlich hier nennen.<\/p>\n<p>&nbsp;<\/p>\n","protected":false},"excerpt":{"rendered":"<p>&nbsp; Eine Loipe kostet Zeit und Geld: Nicht nur die Zeit zum Spuren ist n\u00f6tig, auch die Ger\u00e4tschaften kosten in der Anschaffung und im Unterhalt. Herzlichen Dank deshalb an alle Sponsoren und Helfer die das Langlaufprojekt Wollbachtal unterst\u00fctzen. Bei gr\u00f6\u00dferen Spenden werden wir sie nat\u00fcrlich hier nennen. &nbsp;<\/p>\n","protected":false},"author":1,"featured_media":0,"parent":0,"menu_order":0,"comment_status":"closed","ping_status":"closed","template":"","meta":{"footnotes":""},"class_list":["post-69","page","type-page","status-publish","hentry"],"_links":{"self":[{"href":"https:\/\/skating.3dok.de\/index.php?rest_route=\/wp\/v2\/pages\/69","targetHints":{"allow":["GET"]}}],"collection":[{"href":"https:\/\/skating.3dok.de\/index.php?rest_route=\/wp\/v2\/pages"}],"about":[{"href":"https:\/\/skating.3dok.de\/index.php?rest_route=\/wp\/v2\/types\/page"}],"author":[{"embeddable":true,"href":"https:\/\/skating.3dok.de\/index.php?rest_route=\/wp\/v2\/users\/1"}],"replies":[{"embeddable":true,"href":"https:\/\/skating.3dok.de\/index.php?rest_route=%2Fwp%2Fv2%2Fcomments&post=69"}],"version-history":[{"count":1,"href":"https:\/\/skating.3dok.de\/index.php?rest_route=\/wp\/v2\/pages\/69\/revisions"}],"predecessor-version":[{"id":70,"href":"https:\/\/skating.3dok.de\/index.php?rest_route=\/wp\/v2\/pages\/69\/revisions\/70"}],"wp:attachment":[{"href":"https:\/\/skating.3dok.de\/index.php?rest_route=%2Fwp%2Fv2%2Fmedia&parent=69"}],"curies":[{"name":"wp","href":"https:\/\/api.w.org\/{rel}","templated":true}]}}