{"id":30,"date":"2024-11-11T12:18:06","date_gmt":"2024-11-11T12:18:06","guid":{"rendered":"https:\/\/skating.3dok.de\/?page_id=30"},"modified":"2024-11-11T14:14:22","modified_gmt":"2024-11-11T14:14:22","slug":"ein-homepage-abschnitt","status":"publish","type":"page","link":"https:\/\/skating.3dok.de\/?page_id=30","title":{"rendered":"Skating Loipe aktuell"},"content":{"rendered":"<p>Aktueller Zustand<\/p>\n<table style=\"border-collapse: collapse; width: 162.931%; height: 280px;\">\n<tbody>\n<tr style=\"height: 25px;\">\n<td style=\"width: 20.1058%; height: 25px;\">Datum<\/td>\n<td style=\"width: 17.4603%; height: 25px; text-align: center;\">Uhrzeit<\/td>\n<td style=\"width: 62.4338%; height: 25px;\">Loipenzustand<\/td>\n<\/tr>\n<tr style=\"height: 26px;\">\n<td style=\"width: 20.1058%; height: 26px;\">01.12.2023<\/td>\n<td style=\"width: 17.4603%; height: 26px; text-align: center;\"><\/td>\n<td style=\"width: 62.4338%; height: 26px;\">Snowmobil kaputt, wir k\u00f6nnen nicht pr\u00e4parieren<\/td>\n<\/tr>\n<tr style=\"height: 26px;\">\n<td style=\"width: 20.1058%; height: 26px;\">07.12.2023<\/td>\n<td style=\"width: 17.4603%; text-align: center;\" width=\"66\">12::00<\/td>\n<td style=\"width: 62.4338%; height: 26px;\">Snowmobil l\u00e4uft wieder. Skating f\u00fcr ge\u00fcbte ok, am Loipeneinstieg haben wir wenig Schnee, wird aber nach 200 m besser.<\/td>\n<\/tr>\n<tr style=\"height: 26px;\">\n<td style=\"width: 20.1058%; height: 26px;\">09.12.2023<\/td>\n<td style=\"width: 17.4603%; height: 26px; text-align: center;\"><\/td>\n<td style=\"width: 62.4338%; height: 26px;\">Leider zu warm, zu nass, aus der Traum<\/td>\n<\/tr>\n<tr style=\"height: 26px;\">\n<td style=\"width: 20.1058%; height: 26px;\"><\/td>\n<td style=\"width: 17.4603%; height: 26px; text-align: center;\"><\/td>\n<td style=\"width: 62.4338%; height: 26px;\"><\/td>\n<\/tr>\n<tr style=\"height: 26px;\">\n<td style=\"width: 20.1058%; height: 26px;\"><\/td>\n<td style=\"width: 17.4603%; height: 26px; text-align: center;\"><\/td>\n<td style=\"width: 62.4338%; height: 26px;\"><\/td>\n<\/tr>\n<tr style=\"height: 26px;\">\n<td style=\"width: 20.1058%; height: 26px;\"><\/td>\n<td style=\"width: 17.4603%; height: 26px; text-align: center;\"><\/td>\n<td style=\"width: 62.4338%; height: 26px;\"><\/td>\n<\/tr>\n<\/tbody>\n<\/table>\n<p>&nbsp;<\/p>\n<p>Liebe Wintersportler, wir sind auf Eure Spenden angewiesen! Der finanzielle Einsatz wird aus privaten Mitteln und den freiwilligen Spenden die in der Loipenkasse landen erbracht. Euer Loipenteam bittet um Eure gro\u00dfz\u00fcgige Spende. DANKE<\/p>\n","protected":false},"excerpt":{"rendered":"<p>Aktueller Zustand Datum Uhrzeit Loipenzustand 01.12.2023 Snowmobil kaputt, wir k\u00f6nnen nicht pr\u00e4parieren 07.12.2023 12::00 Snowmobil l\u00e4uft wieder. Skating f\u00fcr ge\u00fcbte ok, am Loipeneinstieg haben wir wenig Schnee, wird aber nach 200 m besser. 09.12.2023 Leider zu warm, zu nass, aus der Traum &nbsp; Liebe Wintersportler, wir sind auf Eure Spenden angewiesen! Der finanzielle Einsatz wird &hellip; <\/p>\n<p class=\"link-more\"><a href=\"https:\/\/skating.3dok.de\/?page_id=30\" class=\"more-link\"><span class=\"screen-reader-text\">\u201eSkating Loipe aktuell\u201c<\/span> weiterlesen<\/a><\/p>\n","protected":false},"author":1,"featured_media":56,"parent":0,"menu_order":0,"comment_status":"closed","ping_status":"closed","template":"","meta":{"footnotes":""},"class_list":["post-30","page","type-page","status-publish","has-post-thumbnail","hentry"],"_links":{"self":[{"href":"https:\/\/skating.3dok.de\/index.php?rest_route=\/wp\/v2\/pages\/30","targetHints":{"allow":["GET"]}}],"collection":[{"href":"https:\/\/skating.3dok.de\/index.php?rest_route=\/wp\/v2\/pages"}],"about":[{"href":"https:\/\/skating.3dok.de\/index.php?rest_route=\/wp\/v2\/types\/page"}],"author":[{"embeddable":true,"href":"https:\/\/skating.3dok.de\/index.php?rest_route=\/wp\/v2\/users\/1"}],"replies":[{"embeddable":true,"href":"https:\/\/skating.3dok.de\/index.php?rest_route=%2Fwp%2Fv2%2Fcomments&post=30"}],"version-history":[{"count":4,"href":"https:\/\/skating.3dok.de\/index.php?rest_route=\/wp\/v2\/pages\/30\/revisions"}],"predecessor-version":[{"id":58,"href":"https:\/\/skating.3dok.de\/index.php?rest_route=\/wp\/v2\/pages\/30\/revisions\/58"}],"wp:featuredmedia":[{"embeddable":true,"href":"https:\/\/skating.3dok.de\/index.php?rest_route=\/wp\/v2\/media\/56"}],"wp:attachment":[{"href":"https:\/\/skating.3dok.de\/index.php?rest_route=%2Fwp%2Fv2%2Fmedia&parent=30"}],"curies":[{"name":"wp","href":"https:\/\/api.w.org\/{rel}","templated":true}]}}