{"id":26,"date":"2024-11-11T12:18:06","date_gmt":"2024-11-11T12:18:06","guid":{"rendered":"https:\/\/skating.3dok.de\/?page_id=26"},"modified":"2024-11-11T12:36:47","modified_gmt":"2024-11-11T12:36:47","slug":"startseite","status":"publish","type":"page","link":"https:\/\/skating.3dok.de\/","title":{"rendered":"LOIPE  &#8222;kleiner Wollbachgletscher&#8220;"},"content":{"rendered":"\r\n<p>Die Loipe ist im im Nordwesten von Zusmarshausen.<\/p>\r\n<p>Anfahrt zur Loipe: Sie fahren in Wollbach zum Pfingstbergweg und folgen diesem ca. 600 m auf dem Feldweg, nach der B10 Tunnelunterf\u00fchrung finden Sie den Loipenstart. Je nach Schneelage und Pistenzustand erfolgt die Pistenpflege.<\/p>\r\n<p>Die Ben\u00fctzung der Loipe erfolgt auf eigenes Risiko.<\/p>\r\n<p><img loading=\"lazy\" decoding=\"async\" class=\"alignnone wp-image-12 size-full\" src=\"https:\/\/skating.3dok.de\/wp-content\/uploads\/2024\/11\/loipe-start.png\" alt=\"\" width=\"1073\" height=\"756\" srcset=\"https:\/\/skating.3dok.de\/wp-content\/uploads\/2024\/11\/loipe-start.png 1073w, https:\/\/skating.3dok.de\/wp-content\/uploads\/2024\/11\/loipe-start-300x211.png 300w, https:\/\/skating.3dok.de\/wp-content\/uploads\/2024\/11\/loipe-start-1024x721.png 1024w, https:\/\/skating.3dok.de\/wp-content\/uploads\/2024\/11\/loipe-start-768x541.png 768w\" sizes=\"auto, (max-width: 767px) 89vw, (max-width: 1000px) 54vw, (max-width: 1071px) 543px, 580px\" \/><\/p>\r\n<p>Skatingstart \u00fcber Google Maps:\u00a0<a href=\"https:\/\/www.google.de\/maps\/place\/48%C2%B024'43.1%22N+10%C2%B034'33.1%22E\/@48.41196,10.5752858,141m\/data=!3m2!1e3!4b1!4m5!3m4!1s0x0:0x0!8m2!3d48.41196!4d10.575869\">hier<\/a><\/p>\r\n<p>Klassische Loipe Start \u00fcber Google:\u00a0<a href=\"https:\/\/www.google.de\/maps\/place\/48%C2%B024'41.2%22N+10%C2%B035'14.8%22E\/@48.411446,10.585236,529m\/data=!3m2!1e3!4b1!4m5!3m4!1s0x0:0x0!8m2!3d48.411446!4d10.58743\">hier<\/a><\/p>\r\n<p>Je nach Schneelage existieren in Zusmarshausen folgende M\u00f6glichkeiten zum Langlaufen:<\/p>\r\n<p>SKATING Streckenl\u00e4nge je nach Schneelage 4,7 km oder 6,7 km, 75 m H\u00f6henanstieg<\/p>\r\n<p>&nbsp;<\/p>\r\n<p>Wer will Skaten lernen? Wir bieten jeden Winter Kurse im Tannheimertal oder bei guter Schneelage auch in Wollbach an.<\/p>\r\n","protected":false},"excerpt":{"rendered":"<p>Die Loipe ist im im Nordwesten von Zusmarshausen. Anfahrt zur Loipe: Sie fahren in Wollbach zum Pfingstbergweg und folgen diesem ca. 600 m auf dem Feldweg, nach der B10 Tunnelunterf\u00fchrung finden Sie den Loipenstart. Je nach Schneelage und Pistenzustand erfolgt die Pistenpflege. Die Ben\u00fctzung der Loipe erfolgt auf eigenes Risiko. Skatingstart \u00fcber Google Maps:\u00a0hier Klassische &hellip; <\/p>\n<p class=\"link-more\"><a href=\"https:\/\/skating.3dok.de\/\" class=\"more-link\"><span class=\"screen-reader-text\">\u201eLOIPE  &#8222;kleiner Wollbachgletscher&#8220;\u201c<\/span> weiterlesen<\/a><\/p>\n","protected":false},"author":1,"featured_media":0,"parent":0,"menu_order":0,"comment_status":"closed","ping_status":"closed","template":"","meta":{"footnotes":""},"class_list":["post-26","page","type-page","status-publish","hentry"],"_links":{"self":[{"href":"https:\/\/skating.3dok.de\/index.php?rest_route=\/wp\/v2\/pages\/26","targetHints":{"allow":["GET"]}}],"collection":[{"href":"https:\/\/skating.3dok.de\/index.php?rest_route=\/wp\/v2\/pages"}],"about":[{"href":"https:\/\/skating.3dok.de\/index.php?rest_route=\/wp\/v2\/types\/page"}],"author":[{"embeddable":true,"href":"https:\/\/skating.3dok.de\/index.php?rest_route=\/wp\/v2\/users\/1"}],"replies":[{"embeddable":true,"href":"https:\/\/skating.3dok.de\/index.php?rest_route=%2Fwp%2Fv2%2Fcomments&post=26"}],"version-history":[{"count":4,"href":"https:\/\/skating.3dok.de\/index.php?rest_route=\/wp\/v2\/pages\/26\/revisions"}],"predecessor-version":[{"id":54,"href":"https:\/\/skating.3dok.de\/index.php?rest_route=\/wp\/v2\/pages\/26\/revisions\/54"}],"wp:attachment":[{"href":"https:\/\/skating.3dok.de\/index.php?rest_route=%2Fwp%2Fv2%2Fmedia&parent=26"}],"curies":[{"name":"wp","href":"https:\/\/api.w.org\/{rel}","templated":true}]}}